{"id":25905,"date":"2017-05-18T12:23:28","date_gmt":"2017-05-18T10:23:28","guid":{"rendered":"http:\/\/entrecourtiers.pro\/communication\/?page_id=25905"},"modified":"2020-09-07T15:59:21","modified_gmt":"2020-09-07T13:59:21","slug":"mentions-legales","status":"publish","type":"page","link":"https:\/\/entrecourtiers.pro\/communication\/mentions-legales\/","title":{"rendered":"Mentions l\u00e9gales"},"content":{"rendered":"<div class=\"wpb-content-wrapper\"><p>[vc_row el_class=\u00a0\u00bbmention\u00a0\u00bb][vc_column][dfd_spacer screen_wide_spacer_size=\u00a0\u00bb120&Prime; screen_normal_resolution=\u00a0\u00bb1280&Prime; screen_tablet_resolution=\u00a0\u00bb1024&Prime; screen_mobile_resolution=\u00a0\u00bb800&Prime; screen_wide_resolution=\u00a0\u00bb1280&Prime; screen_normal_spacer_size=\u00a0\u00bb80&Prime; screen_tablet_spacer_size=\u00a0\u00bb60&Prime; screen_mobile_spacer_size=\u00a0\u00bb60&Prime;][dfd_heading style=\u00a0\u00bbstyle_02&Prime; subtitle=\u00a0\u00bb\u00a0\u00bb module_animation=\u00a0\u00bbtransition.slideLeftBigIn\u00a0\u00bb enable_delimiter=\u00a0\u00bb\u00a0\u00bb undefined=\u00a0\u00bb\u00a0\u00bb title_font_options=\u00a0\u00bbtag:h2|font_size:37|line_height:44|letter_spacing:-1.5&Prime; subtitle_font_options=\u00a0\u00bbtag:h6|font_size:12|color:%23545454&Prime; title_responsive=\u00a0\u00bbfont_size_desktop:34|line_height_desktop:40|font_size_tablet:30|line_height_tablet:36|font_size_mobile:24|line_height_mobile:30&Prime; subtitle_responsive=\u00a0\u00bbfont_size_tablet:11|font_size_mobile:10&Prime;]Mentions\u00a0<em class=\"dfd-textmodule-featured-decoration\">l\u00e9gales<\/em>[\/dfd_heading][dfd_spacer screen_wide_spacer_size=\u00a0\u00bb65&Prime; screen_normal_resolution=\u00a0\u00bb1280&Prime; screen_tablet_resolution=\u00a0\u00bb1024&Prime; screen_mobile_resolution=\u00a0\u00bb800&Prime; screen_mobile_spacer_size=\u00a0\u00bb0&Prime; screen_tablet_spacer_size=\u00a0\u00bb0&Prime;][vc_column_text]Les informations contenues sur le site <a href=\"http:\/\/www.premavals.com\">www.premavals.com<\/a> ont un caract\u00e8re strictement informatif, elles n&rsquo;incluent aucun engagement d\u2019ordre juridique ou une offre contractuelle de services ou de produits de la part de PREMAVALS\u00ae qui se r\u00e9serve par ailleurs la facult\u00e9 d&rsquo;en modifier les caract\u00e9ristiques sans pr\u00e9avis.<\/p>\n<p>PREMAVALS\u00ae ne saurait \u00eatre tenu pour responsable des erreurs, d\u2019une absence de disponibilit\u00e9s des informations, inexactitudes, mises \u00e0 jour, compl\u00e9tudes et\/ou de la pr\u00e9sence d\u2019un virus sur son site.<\/p>\n<p>Toute erreur, omission, proposition ou correction peut \u00eatre soumise en utilisant ce formulaire de contact.<\/p>\n<p>Tout visiteur du pr\u00e9sent site est consid\u00e9r\u00e9 comme acceptant l&rsquo;application des lois fran\u00e7aises.<\/p>\n<p>PREMAVALS\u00ae d\u00e9cline toute responsabilit\u00e9 quant au contenu du site et \u00e0 l&rsquo;utilisation qui pourrait en \u00eatre faite par quiconque.<\/p>\n<p>Il est rappel\u00e9, qu&rsquo;en d\u00e9pit des proc\u00e9dures mises en \u0153uvre par PREMAVALS\u00ae afin d&rsquo;assurer la s\u00e9curit\u00e9 de son site Web, des tiers peuvent y inclure de mani\u00e8re frauduleuse, des liens vers d&rsquo;autres sites ou d&rsquo;autres sources Internet, voire en modifier le contenu, sans que PREMAVALS\u00ae puisse s&rsquo;y opposer dans l&rsquo;instant. En pareil cas, cette derni\u00e8re ne peut \u00eatre tenue pour responsable de la mise \u00e0 disposition de ces sites et sources externes, et ne peut assumer aucune responsabilit\u00e9 quant au contenu, la v\u00e9racit\u00e9, l&rsquo;actualit\u00e9, la qualit\u00e9, l&rsquo;exhaustivit\u00e9, la pertinence, l&rsquo;ill\u00e9galit\u00e9, des publicit\u00e9s, produits, services ou tout autre mat\u00e9riel disponible sur ou \u00e0 partir de ces sites ou sources externes.[\/vc_column_text][dfd_spacer screen_wide_spacer_size=\u00a0\u00bb65&Prime; screen_normal_resolution=\u00a0\u00bb1280&Prime; screen_tablet_resolution=\u00a0\u00bb1024&Prime; screen_mobile_resolution=\u00a0\u00bb800&Prime; screen_mobile_spacer_size=\u00a0\u00bb0&Prime; screen_tablet_spacer_size=\u00a0\u00bb0&Prime;][vc_toggle title=\u00a0\u00bbPr\u00e9sentation g\u00e9n\u00e9rale\u00a0\u00bb]<\/p>\n<p class=\"mentions\">Vous \u00eates actuellement connect\u00e9 au site <a href=\"http:\/\/www.premavals.com\/\" target=\"blank\" rel=\"noopener noreferrer\">www.premavals.com<\/a> qui est \u00e9dit\u00e9 par <span class=\"premavals\">Pr\u00e9mavals\u00ae<\/span> SARL de courtage d&rsquo;assurances au capital de 51.000\u20ac<br \/>\n<span class=\"premavals\">Si\u00e8ge social\u00a0: <\/span><br \/>\n15 rue de l&rsquo;Universit\u00e9<br \/>\n93160 Noisy-le-Grand \u2013 France.<br \/>\nSIRET 431 235 217 00061<\/p>\n<p><span class=\"premavals\">ORIAS :<\/span><br \/>\nOrganisme pour le Registre des Interm\u00e9diaires en Assurance : N\u00ba 07 003 129<br \/>\n<a href=\"http:\/\/www.orias.fr\/\" target=\"blank\" rel=\"noopener noreferrer\">www.orias.fr<\/a><\/p>\n<p><span class=\"premavals\">ACPR :<\/span><br \/>\nAutorit\u00e9 de Contr\u00f4le Prudentiel et de R\u00e9solution &#8211; 61 rue Taitbout 75009 PARIS<br \/>\n<a href=\"https:\/\/acpr.banque-france.fr\/\" target=\"blank\" rel=\"noopener noreferrer\">acpr.banque-france.fr<\/a><\/p>\n<p>Assurance de Responsabilit\u00e9 Civile Professionnelle et Garantie financi\u00e8re et assurance de responsabilit\u00e9 professionnelle conformes aux articles L. 530-1 et L. 530-2 du Code des Assurances.<\/p>\n<p>Directeur de la publication : Jean-Gabriel Laigle<br \/>\nResponsable de la r\u00e9daction : S\u00e9verine Anedji\u00e9<br \/>\nConception graphique, r\u00e9daction, int\u00e9gration : service communication PREMAVALS[\/vc_toggle][vc_toggle title=\u00a0\u00bbDonn\u00e9es personnelles\u00a0\u00bb]<\/p>\n<p class=\"mentions\">Les informations que vous nous communiquez par e-mail ou par formulaire, sont enregistr\u00e9es exclusivement par <span class=\"premavals\">Pr\u00e9mavals\u00ae<\/span>, responsable de leur traitement. Elles seront analys\u00e9es et transmises aux diff\u00e9rents services concern\u00e9s pour les n\u00e9cessit\u00e9s de la gestion interne.<br \/>\nLa loi \u00ab\u00a0Informatique et Libert\u00e9s\u00a0\u00bb du 06.01.1978 vous fait b\u00e9n\u00e9ficier d&rsquo;un droit d&rsquo;acc\u00e8s, de rectification et de suppression des donn\u00e9es personnelles que vous nous communiquez. Si vous voulez exercer ce droit, signalez-le-nous par courrier, en pr\u00e9cisant vos nom, pr\u00e9nom et adresse, \u00e0 :<\/p>\n<p><span class=\"premavals\">Pr\u00e9mavals<br \/>\nService Publication<br \/>\n15 rue de l&rsquo;Universit\u00e9<br \/>\n93160 Noisy-le-Grand<\/span><\/p>\n<p>Ou par e-mail \u00e0 l&rsquo;adresse suivante : <a href=\"mailto:co.mmunication.@premavals.com\">co.mmunication@premavals.com<\/a>[\/vc_toggle][vc_toggle title=\u00a0\u00bbLiens hypertextes\u00a0\u00bb]La cr\u00e9ation de liens hypertextes vers le site <a href=\"http:\/\/www.premavals.com\/\" target=\"blank\" rel=\"noopener noreferrer\">www.premavals.com<\/a> est soumise \u00e0 l&rsquo;accord pr\u00e9alable du Directeur de la Publication. Les liens hypertextes \u00e9tablis en direction d&rsquo;autres sites \u00e0 partir de <a href=\"http:\/\/www.premavals.com\/\" target=\"blank\" rel=\"noopener noreferrer\">www.premavals.com<\/a> ne sauraient, en aucun cas, engager la responsabilit\u00e9 de <span class=\"premavals\">Pr\u00e9mavals\u00ae<\/span> qui se r\u00e9serve un droit d&rsquo;opposition sur tout lien mis en place sans son autorisation et pouvant porter atteinte \u00e0 son image, ses activit\u00e9s, ses valeurs, sa r\u00e9putation, sa notori\u00e9t\u00e9 \u00ab\u00a0sans pr\u00e9judice\u00a0\u00a0\u00bb de poursuites \u00e9ventuelles. Les liens propos\u00e9s vers d&rsquo;autres sites son communiqu\u00e9s \u00e0 titre indicatif et <span class=\"premavals\">Pr\u00e9mavals\u00ae<\/span> ne peut \u00eatre tenue pour responsable de la mise \u00e0 disposition de ces sites et sources externes, et ne peut assumer aucune responsabilit\u00e9 quant au contenu, la v\u00e9racit\u00e9, l&rsquo;actualit\u00e9, la qualit\u00e9, l&rsquo;exhaustivit\u00e9, la pertinence, l&rsquo;ill\u00e9galit\u00e9, des publicit\u00e9s, produits, services ou tout autre mat\u00e9riel disponible sur ou \u00e0 partir de ces sites ou sources externes[\/vc_toggle][vc_toggle title=\u00a0\u00bbDroits d&rsquo;auteurs &amp; copyright\u00a0\u00bb]<\/p>\n<p class=\"mentions\">Ce site est prot\u00e9g\u00e9 en France par le Code de la propri\u00e9t\u00e9 intellectuelle et \u00e0 l&rsquo;\u00e9tranger par les conventions internationales en vigueur sur le droit d&rsquo;auteur.<\/p>\n<h4 class=\"premavals\">Marques\u00a0:<\/h4>\n<p><span class=\"premavals\">PREMAVALS\u00ae<\/span> est une marque d\u00e9pos\u00e9e et toutes les marques de la soci\u00e9t\u00e9 PREMAVALS<span class=\"premavals\">\u00ae<\/span> sont aussi des marques d\u00e9pos\u00e9es. Toute reproduction, totale ou partielle, de ces marques sans autorisation expresse de la part de PREMAVALS<span class=\"premavals\">\u00ae<\/span> est donc formellement interdite et toute violation de cette interdiction peut faire l&rsquo;objet de poursuites. Toute reproduction de ces \u00e9l\u00e9ments est consid\u00e9r\u00e9e comme une contrefa\u00e7on sanctionn\u00e9e par les dispositions aux articles L335-2 et suivants du Code la propri\u00e9t\u00e9 intellectuelle.<\/p>\n<h4 class=\"premavals\">Contenu\u00a0:<\/h4>\n<p>L\u2019int\u00e9gralit\u00e9 du contenu disponible sur le pr\u00e9sent site (graphisme, images, animations, textes, logos, ic\u00f4nes, illustrations, tableaux cin\u00e9tiques, gammes, etc.) y compris pour les documents t\u00e9l\u00e9chargeables sont la propri\u00e9t\u00e9 exclusive de PREMAVALS<span class=\"premavals\">\u00ae<\/span> \u00e0 l&rsquo;exception des contenus appartenant \u00e0 l&rsquo;un de ses clients, fournisseurs ainsi que de leurs auteurs.<\/p>\n<h4 class=\"premavals\">Mise en garde\u00a0:<\/h4>\n<p>Toute reproduction totale ou partielle des marques et\/ou logos est interdite sans l\u2019accord pr\u00e9alable de PREMAVALS<span class=\"premavals\">\u00ae<\/span>, conform\u00e9ment aux articles L. 713-2, et L 7.13-3 du Code de la Propri\u00e9t\u00e9 Intellectuelle. Il en est de m\u00eame des bases de donn\u00e9es figurant sur ce site web qui sont prot\u00e9g\u00e9es par les dispositions de la loi du 1er juillet 1998 portant transposition dans le Code de la propri\u00e9t\u00e9 intellectuelle (article L112-3) de la directive europ\u00e9enne du 11 mars 1996 relative \u00e0 la protection juridique des bases de donn\u00e9es. l&rsquo;exploitation, reproduction, repr\u00e9sentation, publication, distribution, adaptation, traduction et\/ou transformation partielle ou int\u00e9grale de tout \u00e9l\u00e9ment du site. Le non-respect de cette interdiction peut constituer un acte de contrefa\u00e7on engageant vos responsabilit\u00e9s civiles ou p\u00e9nales. Entra\u00eener des sanctions p\u00e9nales pour contrefa\u00e7on.<\/p>\n<h4 class=\"premavals\">Demande d&rsquo;autorisation :<\/h4>\n<p>Pour toute demande d&rsquo;autorisation concernant la reproduction d&rsquo;un contenu (textes, graphiques, illustrations, feuilles de styles&#8230;) sur support \u00e9lectronique (Web, intranet, CD-ROM&#8230;) ou sur support papier paru sur le site, adressez votre demande par courrier ou e-mail \u00e0 :<\/p>\n<p><span class=\"premavals\">PREMAVALS<br \/>\n128 avenue de F\u00e8s<br \/>\nLes Belv\u00e9d\u00e8res \u2013 B\u00e2t. B<br \/>\n34080 MONTPELLIER<br \/>\n<\/span>T\u00e9l. : 01 43 05 43 60<br \/>\nN&rsquo;oubliez pas de nous pr\u00e9ciser \u00e9galement votre nom, le nom de votre cabinet, l&rsquo;adresse URL de votre site, ainsi que vos coordonn\u00e9es incluant votre e-mail.[\/vc_toggle][vc_toggle title=\u00a0\u00bbDroit applicable\u00a0\u00bb]Le Site Internet et ses conditions d&rsquo;acc\u00e8s et d&rsquo;utilisation sont r\u00e9gis par le droit fran\u00e7ais. Tout diff\u00e9rend relatif audit Site Internet sera soumis \u00e0 la comp\u00e9tence exclusive des Tribunaux de Paris.[\/vc_toggle][vc_toggle title=\u00a0\u00bbH\u00e9bergement\u00a0\u00bb]<\/p>\n<p class=\"mentions\">Le pr\u00e9sent site \u00e0 l&rsquo;exception de l\u2019interface de certains produits\u00a0est h\u00e9berg\u00e9 aupr\u00e8s de la soci\u00e9t\u00e9 OVH\u00a0dont les coordonn\u00e9es sont les suivantes :<\/p>\n<p>OVH<br \/>\n2 rue Kellermann<br \/>\n59100 Roubaix<br \/>\n<a href=\"http:\/\/www.ovh.fr\/\" target=\"blank\" rel=\"noopener noreferrer\">www.ovh.fr<\/a>[\/vc_toggle][vc_toggle title=\u00a0\u00bbInformations techniques\u00a0\u00bb]Il est rappel\u00e9 que le secret des correspondances n&rsquo;est pas garanti sur le r\u00e9seau et qu&rsquo;il appartient \u00e0 chaque utilisateur d&rsquo;Internet de prendre toutes les mesures appropri\u00e9es de fa\u00e7on \u00e0 prot\u00e9ger ses propres donn\u00e9es et\/ou logiciels de la contamination d&rsquo;\u00e9ventuels virus circulant sur Internet.[\/vc_toggle][vc_toggle title=\u00a0\u00bbModification de la rubrique \u00ab\u00a0mentions l\u00e9gales\u00ab\u00a0\u00ab\u00a0]Une version actualis\u00e9e des \u00e9l\u00e9ments de cette rubrique sera publi\u00e9e en cas de modifications. Afin de vous tenir inform\u00e9, nous vous invitons \u00e0 visiter r\u00e9guli\u00e8rement cette page.[\/vc_toggle][\/vc_column][\/vc_row]<\/p>\n<\/div>","protected":false},"excerpt":{"rendered":"<p>[vc_row el_class=\u00a0\u00bbmention\u00a0\u00bb][vc_column][dfd_spacer screen_wide_spacer_size=\u00a0\u00bb120&Prime; screen_normal_resolution=\u00a0\u00bb1280&Prime; screen_tablet_resolution=\u00a0\u00bb1024&Prime; screen_mobile_resolution=\u00a0\u00bb800&Prime; screen_wide_resolution=\u00a0\u00bb1280&Prime; screen_normal_spacer_size=\u00a0\u00bb80&Prime; screen_tablet_spacer_size=\u00a0\u00bb60&Prime; screen_mobile_spacer_size=\u00a0\u00bb60&Prime;][dfd_heading style=\u00a0\u00bbstyle_02&Prime; subtitle=\u00a0\u00bb\u00a0\u00bb module_animation=\u00a0\u00bbtransition.slideLeftBigIn\u00a0\u00bb enable_delimiter=\u00a0\u00bb\u00a0\u00bb undefined=\u00a0\u00bb\u00a0\u00bb title_font_options=\u00a0\u00bbtag:h2|font_size:37|line_height:44|letter_spacing:-1.5&Prime; subtitle_font_options=\u00a0\u00bbtag:h6|font_size:12|color:%23545454&Prime; title_responsive=\u00a0\u00bbfont_size_desktop:34|line_height_desktop:40|font_size_tablet:30|line_height_tablet:36|font_size_mobile:24|line_height_mobile:30&Prime; subtitle_responsive=\u00a0\u00bbfont_size_tablet:11|font_size_mobile:10&Prime;]Mentions\u00a0l\u00e9gales[\/dfd_heading][dfd_spacer screen_wide_spacer_size=\u00a0\u00bb65&Prime; screen_normal_resolution=\u00a0\u00bb1280&Prime; screen_tablet_resolution=\u00a0\u00bb1024&Prime; screen_mobile_resolution=\u00a0\u00bb800&Prime; screen_mobile_spacer_size=\u00a0\u00bb0&Prime; screen_tablet_spacer_size=\u00a0\u00bb0&Prime;][vc_column_text]Les informations contenues sur le site<\/p>\n","protected":false},"author":1,"featured_media":0,"parent":0,"menu_order":0,"comment_status":"closed","ping_status":"closed","template":"tmp-page.php","meta":{"footnotes":""},"acf":[],"yoast_head":"<!-- This site is optimized with the Yoast SEO plugin v21.6 - https:\/\/yoast.com\/wordpress\/plugins\/seo\/ -->\n<title>Mentions l\u00e9gales - PREMAVALS<\/title>\n<meta name=\"robots\" content=\"index, follow, max-snippet:-1, max-image-preview:large, max-video-preview:-1\" \/>\n<link rel=\"canonical\" href=\"https:\/\/entrecourtiers.pro\/communication\/mentions-legales\/\" \/>\n<meta property=\"og:locale\" content=\"fr_FR\" \/>\n<meta property=\"og:type\" content=\"article\" \/>\n<meta property=\"og:title\" content=\"Mentions l\u00e9gales - PREMAVALS\" \/>\n<meta property=\"og:description\" content=\"[vc_row el_class=\u00a0\u00bbmention\u00a0\u00bb][vc_column][dfd_spacer screen_wide_spacer_size=\u00a0\u00bb120&Prime; screen_normal_resolution=\u00a0\u00bb1280&Prime; screen_tablet_resolution=\u00a0\u00bb1024&Prime; screen_mobile_resolution=\u00a0\u00bb800&Prime; screen_wide_resolution=\u00a0\u00bb1280&Prime; screen_normal_spacer_size=\u00a0\u00bb80&Prime; screen_tablet_spacer_size=\u00a0\u00bb60&Prime; screen_mobile_spacer_size=\u00a0\u00bb60&Prime;][dfd_heading style=\u00a0\u00bbstyle_02&Prime; subtitle=\u00a0\u00bb\u00a0\u00bb module_animation=\u00a0\u00bbtransition.slideLeftBigIn\u00a0\u00bb enable_delimiter=\u00a0\u00bb\u00a0\u00bb undefined=\u00a0\u00bb\u00a0\u00bb title_font_options=\u00a0\u00bbtag:h2|font_size:37|line_height:44|letter_spacing:-1.5&Prime; subtitle_font_options=\u00a0\u00bbtag:h6|font_size:12|color:%23545454&Prime; title_responsive=\u00a0\u00bbfont_size_desktop:34|line_height_desktop:40|font_size_tablet:30|line_height_tablet:36|font_size_mobile:24|line_height_mobile:30&Prime; subtitle_responsive=\u00a0\u00bbfont_size_tablet:11|font_size_mobile:10&Prime;]Mentions\u00a0l\u00e9gales[\/dfd_heading][dfd_spacer screen_wide_spacer_size=\u00a0\u00bb65&Prime; screen_normal_resolution=\u00a0\u00bb1280&Prime; screen_tablet_resolution=\u00a0\u00bb1024&Prime; screen_mobile_resolution=\u00a0\u00bb800&Prime; screen_mobile_spacer_size=\u00a0\u00bb0&Prime; screen_tablet_spacer_size=\u00a0\u00bb0&Prime;][vc_column_text]Les informations contenues sur le site\" \/>\n<meta property=\"og:url\" content=\"https:\/\/entrecourtiers.pro\/communication\/mentions-legales\/\" \/>\n<meta property=\"og:site_name\" content=\"PREMAVALS\" \/>\n<meta property=\"article:modified_time\" content=\"2020-09-07T13:59:21+00:00\" \/>\n<meta name=\"twitter:card\" content=\"summary_large_image\" \/>\n<meta name=\"twitter:label1\" content=\"Dur\u00e9e de lecture estim\u00e9e\" \/>\n\t<meta name=\"twitter:data1\" content=\"7 minutes\" \/>\n<script type=\"application\/ld+json\" class=\"yoast-schema-graph\">{\"@context\":\"https:\/\/schema.org\",\"@graph\":[{\"@type\":\"WebPage\",\"@id\":\"https:\/\/entrecourtiers.pro\/communication\/mentions-legales\/\",\"url\":\"https:\/\/entrecourtiers.pro\/communication\/mentions-legales\/\",\"name\":\"Mentions l\u00e9gales - PREMAVALS\",\"isPartOf\":{\"@id\":\"https:\/\/entrecourtiers.pro\/communication\/#website\"},\"datePublished\":\"2017-05-18T10:23:28+00:00\",\"dateModified\":\"2020-09-07T13:59:21+00:00\",\"breadcrumb\":{\"@id\":\"https:\/\/entrecourtiers.pro\/communication\/mentions-legales\/#breadcrumb\"},\"inLanguage\":\"fr-FR\",\"potentialAction\":[{\"@type\":\"ReadAction\",\"target\":[\"https:\/\/entrecourtiers.pro\/communication\/mentions-legales\/\"]}]},{\"@type\":\"BreadcrumbList\",\"@id\":\"https:\/\/entrecourtiers.pro\/communication\/mentions-legales\/#breadcrumb\",\"itemListElement\":[{\"@type\":\"ListItem\",\"position\":1,\"name\":\"Accueil\",\"item\":\"https:\/\/entrecourtiers.pro\/communication\/\"},{\"@type\":\"ListItem\",\"position\":2,\"name\":\"Mentions l\u00e9gales\"}]},{\"@type\":\"WebSite\",\"@id\":\"https:\/\/entrecourtiers.pro\/communication\/#website\",\"url\":\"https:\/\/entrecourtiers.pro\/communication\/\",\"name\":\"PREMAVALS\",\"description\":\"Entre Courtiers\",\"publisher\":{\"@id\":\"https:\/\/entrecourtiers.pro\/communication\/#organization\"},\"potentialAction\":[{\"@type\":\"SearchAction\",\"target\":{\"@type\":\"EntryPoint\",\"urlTemplate\":\"https:\/\/entrecourtiers.pro\/communication\/?s={search_term_string}\"},\"query-input\":\"required name=search_term_string\"}],\"inLanguage\":\"fr-FR\"},{\"@type\":\"Organization\",\"@id\":\"https:\/\/entrecourtiers.pro\/communication\/#organization\",\"name\":\"PREMAVALS\",\"url\":\"https:\/\/entrecourtiers.pro\/communication\/\",\"logo\":{\"@type\":\"ImageObject\",\"inLanguage\":\"fr-FR\",\"@id\":\"https:\/\/entrecourtiers.pro\/communication\/#\/schema\/logo\/image\/\",\"url\":\"http:\/\/entrecourtiers.pro\/communication\/wp-content\/uploads\/2019\/07\/logo_premavals_petit.png\",\"contentUrl\":\"http:\/\/entrecourtiers.pro\/communication\/wp-content\/uploads\/2019\/07\/logo_premavals_petit.png\",\"width\":112,\"height\":37,\"caption\":\"PREMAVALS\"},\"image\":{\"@id\":\"https:\/\/entrecourtiers.pro\/communication\/#\/schema\/logo\/image\/\"}}]}<\/script>\n<!-- \/ Yoast SEO plugin. -->","yoast_head_json":{"title":"Mentions l\u00e9gales - PREMAVALS","robots":{"index":"index","follow":"follow","max-snippet":"max-snippet:-1","max-image-preview":"max-image-preview:large","max-video-preview":"max-video-preview:-1"},"canonical":"https:\/\/entrecourtiers.pro\/communication\/mentions-legales\/","og_locale":"fr_FR","og_type":"article","og_title":"Mentions l\u00e9gales - PREMAVALS","og_description":"[vc_row el_class=\u00a0\u00bbmention\u00a0\u00bb][vc_column][dfd_spacer screen_wide_spacer_size=\u00a0\u00bb120&Prime; screen_normal_resolution=\u00a0\u00bb1280&Prime; screen_tablet_resolution=\u00a0\u00bb1024&Prime; screen_mobile_resolution=\u00a0\u00bb800&Prime; screen_wide_resolution=\u00a0\u00bb1280&Prime; screen_normal_spacer_size=\u00a0\u00bb80&Prime; screen_tablet_spacer_size=\u00a0\u00bb60&Prime; screen_mobile_spacer_size=\u00a0\u00bb60&Prime;][dfd_heading style=\u00a0\u00bbstyle_02&Prime; subtitle=\u00a0\u00bb\u00a0\u00bb module_animation=\u00a0\u00bbtransition.slideLeftBigIn\u00a0\u00bb enable_delimiter=\u00a0\u00bb\u00a0\u00bb undefined=\u00a0\u00bb\u00a0\u00bb title_font_options=\u00a0\u00bbtag:h2|font_size:37|line_height:44|letter_spacing:-1.5&Prime; subtitle_font_options=\u00a0\u00bbtag:h6|font_size:12|color:%23545454&Prime; title_responsive=\u00a0\u00bbfont_size_desktop:34|line_height_desktop:40|font_size_tablet:30|line_height_tablet:36|font_size_mobile:24|line_height_mobile:30&Prime; subtitle_responsive=\u00a0\u00bbfont_size_tablet:11|font_size_mobile:10&Prime;]Mentions\u00a0l\u00e9gales[\/dfd_heading][dfd_spacer screen_wide_spacer_size=\u00a0\u00bb65&Prime; screen_normal_resolution=\u00a0\u00bb1280&Prime; screen_tablet_resolution=\u00a0\u00bb1024&Prime; screen_mobile_resolution=\u00a0\u00bb800&Prime; screen_mobile_spacer_size=\u00a0\u00bb0&Prime; screen_tablet_spacer_size=\u00a0\u00bb0&Prime;][vc_column_text]Les informations contenues sur le site","og_url":"https:\/\/entrecourtiers.pro\/communication\/mentions-legales\/","og_site_name":"PREMAVALS","article_modified_time":"2020-09-07T13:59:21+00:00","twitter_card":"summary_large_image","twitter_misc":{"Dur\u00e9e de lecture estim\u00e9e":"7 minutes"},"schema":{"@context":"https:\/\/schema.org","@graph":[{"@type":"WebPage","@id":"https:\/\/entrecourtiers.pro\/communication\/mentions-legales\/","url":"https:\/\/entrecourtiers.pro\/communication\/mentions-legales\/","name":"Mentions l\u00e9gales - PREMAVALS","isPartOf":{"@id":"https:\/\/entrecourtiers.pro\/communication\/#website"},"datePublished":"2017-05-18T10:23:28+00:00","dateModified":"2020-09-07T13:59:21+00:00","breadcrumb":{"@id":"https:\/\/entrecourtiers.pro\/communication\/mentions-legales\/#breadcrumb"},"inLanguage":"fr-FR","potentialAction":[{"@type":"ReadAction","target":["https:\/\/entrecourtiers.pro\/communication\/mentions-legales\/"]}]},{"@type":"BreadcrumbList","@id":"https:\/\/entrecourtiers.pro\/communication\/mentions-legales\/#breadcrumb","itemListElement":[{"@type":"ListItem","position":1,"name":"Accueil","item":"https:\/\/entrecourtiers.pro\/communication\/"},{"@type":"ListItem","position":2,"name":"Mentions l\u00e9gales"}]},{"@type":"WebSite","@id":"https:\/\/entrecourtiers.pro\/communication\/#website","url":"https:\/\/entrecourtiers.pro\/communication\/","name":"PREMAVALS","description":"Entre Courtiers","publisher":{"@id":"https:\/\/entrecourtiers.pro\/communication\/#organization"},"potentialAction":[{"@type":"SearchAction","target":{"@type":"EntryPoint","urlTemplate":"https:\/\/entrecourtiers.pro\/communication\/?s={search_term_string}"},"query-input":"required name=search_term_string"}],"inLanguage":"fr-FR"},{"@type":"Organization","@id":"https:\/\/entrecourtiers.pro\/communication\/#organization","name":"PREMAVALS","url":"https:\/\/entrecourtiers.pro\/communication\/","logo":{"@type":"ImageObject","inLanguage":"fr-FR","@id":"https:\/\/entrecourtiers.pro\/communication\/#\/schema\/logo\/image\/","url":"http:\/\/entrecourtiers.pro\/communication\/wp-content\/uploads\/2019\/07\/logo_premavals_petit.png","contentUrl":"http:\/\/entrecourtiers.pro\/communication\/wp-content\/uploads\/2019\/07\/logo_premavals_petit.png","width":112,"height":37,"caption":"PREMAVALS"},"image":{"@id":"https:\/\/entrecourtiers.pro\/communication\/#\/schema\/logo\/image\/"}}]}},"_links":{"self":[{"href":"https:\/\/entrecourtiers.pro\/communication\/wp-json\/wp\/v2\/pages\/25905"}],"collection":[{"href":"https:\/\/entrecourtiers.pro\/communication\/wp-json\/wp\/v2\/pages"}],"about":[{"href":"https:\/\/entrecourtiers.pro\/communication\/wp-json\/wp\/v2\/types\/page"}],"author":[{"embeddable":true,"href":"https:\/\/entrecourtiers.pro\/communication\/wp-json\/wp\/v2\/users\/1"}],"replies":[{"embeddable":true,"href":"https:\/\/entrecourtiers.pro\/communication\/wp-json\/wp\/v2\/comments?post=25905"}],"version-history":[{"count":0,"href":"https:\/\/entrecourtiers.pro\/communication\/wp-json\/wp\/v2\/pages\/25905\/revisions"}],"wp:attachment":[{"href":"https:\/\/entrecourtiers.pro\/communication\/wp-json\/wp\/v2\/media?parent=25905"}],"curies":[{"name":"wp","href":"https:\/\/api.w.org\/{rel}","templated":true}]}}